{"id":3,"date":"2021-05-19T20:45:47","date_gmt":"2021-05-19T20:45:47","guid":{"rendered":"https:\/\/iglesiapuertaabierta.com\/?page_id=3"},"modified":"2022-04-07T19:18:30","modified_gmt":"2022-04-07T19:18:30","slug":"politica-de-privacidad","status":"publish","type":"page","link":"https:\/\/iglesiapuertaabierta.com\/en\/politica-de-privacidad\/","title":{"rendered":"Privacy Policy"},"content":{"rendered":"<div data-elementor-type=\"wp-page\" data-elementor-id=\"3\" class=\"elementor elementor-3\" data-elementor-post-type=\"page\">\n\t\t\t\t\t\t<section class=\"elementor-section elementor-top-section elementor-element elementor-element-64df8ac8 elementor-section-boxed elementor-section-height-default elementor-section-height-default\" data-id=\"64df8ac8\" data-element_type=\"section\" data-e-type=\"section\" data-settings=\"{&quot;jet_parallax_layout_list&quot;:[]}\">\n\t\t\t\t\t\t<div class=\"elementor-container elementor-column-gap-default\">\n\t\t\t\t\t<div class=\"elementor-column elementor-col-100 elementor-top-column elementor-element elementor-element-3a22aac5\" data-id=\"3a22aac5\" data-element_type=\"column\" data-e-type=\"column\">\n\t\t\t<div class=\"elementor-widget-wrap elementor-element-populated\">\n\t\t\t\t\t\t<div class=\"elementor-element elementor-element-c2d123e elementor-widget elementor-widget-heading\" data-id=\"c2d123e\" data-element_type=\"widget\" data-e-type=\"widget\" data-widget_type=\"heading.default\">\n\t\t\t\t<div class=\"elementor-widget-container\">\n\t\t\t\t\t<h2 class=\"elementor-heading-title elementor-size-default\">Privacy Policy<\/h2>\t\t\t\t<\/div>\n\t\t\t\t<\/div>\n\t\t\t\t<div class=\"elementor-element elementor-element-6800180d elementor-widget elementor-widget-text-editor\" data-id=\"6800180d\" data-element_type=\"widget\" data-e-type=\"widget\" data-widget_type=\"text-editor.default\">\n\t\t\t\t<div class=\"elementor-widget-container\">\n\t\t\t\t\t\t\t\t\t\n<div id=\"tw-target-text-container\" class=\"tw-ta-container F0azHf tw-nfl\" tabindex=\"0\">\n<h2 id=\"tw-target-text\" class=\"tw-data-text tw-text-large tw-ta wp-block-heading\" dir=\"ltr\" data-placeholder=\"Translation\"><span class=\"Y2IQFc\" lang=\"es\">About<\/span><\/h2>\n<\/div>\n\n<div id=\"tw-target-text-container\" class=\"tw-ta-container F0azHf tw-nfl\" tabindex=\"0\">\n<p id=\"tw-target-text\" class=\"tw-data-text tw-text-large tw-ta\" dir=\"ltr\" data-placeholder=\"Translation\"><span class=\"Y2IQFc\" lang=\"es\">Our website address is: <\/span>https:\/\/iglesiapuertaabierta.com<\/p>\n<\/div>\n\n<h2 class=\"wp-block-heading\">Comments<\/h2>\n\n<p>When visitors leave comments on the site, we collect the data displayed in the comment form, as well as the visitor's IP address and browser user agent string to help spam detection.<\/p>\n<p>An anonymous string created from your email address (also called a hash) can be provided to the Gravatar service to see if you are using it. The privacy policy for the Gravatar service is available here: https:\/\/automattic.com\/privacy\/. After approval of your comment, your profile picture is visible to the public in the context of your comment.<\/p>\n\n<h2 class=\"wp-block-heading\">Media<\/h2>\n<p>If you upload images to the website, you should avoid uploading images with embedded location data (EXIF GPS) included. Website visitors can download and extract any location data from website images.<\/p>\n\n<div id=\"tw-target-text-container\" class=\"tw-ta-container F0azHf tw-nfl\" tabindex=\"0\">\n<h2 id=\"tw-target-text\" class=\"tw-data-text tw-text-large tw-ta wp-block-heading\" dir=\"ltr\" data-placeholder=\"Translation\"><span class=\"Y2IQFc\" lang=\"es\">Cookies<\/span><\/h2>\n<p id=\"tw-target-text\" class=\"tw-data-text tw-text-large tw-ta\" dir=\"ltr\" data-placeholder=\"Translation\"><span class=\"Y2IQFc\" lang=\"es\">If you leave a comment on our site, you can choose to save your name, email address and website in cookies. These are for your convenience so you don't have to fill in your details again when you leave another comment. These cookies will last for one year. If you visit our login page, we will set a temporary cookie to determine if your browser accepts cookies. This cookie contains no personal data and is discarded when you close your browser. When you log in, we will also set various cookies to save your login information and screen display options. Login cookies last for two days and screen options cookies last for one year. If you select \"Remember Me\", your login will persist for two weeks. If you log out of your account, login cookies will be deleted. If you edit or publish an article, an additional cookie will be saved in your browser. This cookie does not include personal data and simply indicates the publication ID of the article you have just edited. It expires after 1 day.<\/span><\/p>\n<\/div>\n\n<div id=\"tw-target-text-container\" class=\"tw-ta-container F0azHf tw-nfl\" tabindex=\"0\">\n<h2 id=\"tw-target-text\" class=\"tw-data-text tw-text-large tw-ta\" dir=\"ltr\" data-placeholder=\"Translation\"><span class=\"Y2IQFc\" lang=\"es\">Embedded content from other websites<\/span><\/h2>\n<\/div>\n\n<p id=\"tw-target-text\" class=\"tw-data-text tw-text-large tw-ta\" dir=\"ltr\" data-placeholder=\"Translation\"><span class=\"Y2IQFc\" lang=\"es\">Articles on this site may include embedded content (eg, videos, images, articles, etc.). Embedded content from other websites behaves in exactly the same way as if the visitor had visited the other website. These websites may collect data about you, use cookies, embed additional third-party tracking, and monitor your interaction with that embedded content, including tracking your interaction with the embedded content if you have an account and are logged into that website.<\/span><\/p>\n\n<h2 id=\"tw-target-text\" class=\"tw-data-text tw-text-large tw-ta wp-block-heading\" dir=\"ltr\" data-placeholder=\"Translation\"><span class=\"Y2IQFc\" lang=\"es\">Who we share your data with<\/span><\/h2>\n\n<p id=\"tw-target-text\" class=\"tw-data-text tw-text-large tw-ta\" dir=\"ltr\" data-placeholder=\"Translation\"><span class=\"Y2IQFc\" lang=\"es\">If you request a password reset, your IP address will be included in the reset email.<\/span><\/p>\n\n<h2 id=\"tw-target-text\" class=\"tw-data-text tw-text-large tw-ta wp-block-heading\" dir=\"ltr\" data-placeholder=\"Translation\"><span class=\"Y2IQFc\" lang=\"es\">How long we keep your data<\/span><\/h2>\n\n<p id=\"tw-target-text\" class=\"tw-data-text tw-text-large tw-ta\" dir=\"ltr\" data-placeholder=\"Translation\"><span class=\"Y2IQFc\" lang=\"es\">If you leave a comment, the comment and its metadata are retained indefinitely. This is so we can recognize and approve any follow-up comments automatically instead of holding them in a moderation queue. For users who register on our website (if any), we also store the personal information they provide in their user profile. All users can view, edit, or delete their personal information at any time (except they can't change their username). Website administrators can also view and edit that information.<\/span><\/p>\n\n<h2 id=\"tw-target-text\" class=\"tw-data-text tw-text-large tw-ta wp-block-heading\" dir=\"ltr\" data-placeholder=\"Translation\"><span class=\"Y2IQFc\" lang=\"es\">What rights do you have over your data?<\/span><\/h2>\n\n<p id=\"tw-target-text\" class=\"tw-data-text tw-text-large tw-ta\" dir=\"ltr\" data-placeholder=\"Translation\"><span class=\"Y2IQFc\" lang=\"es\">If you have an account on this site or have left comments, you can request to receive an exported file of the personal data we hold about you, including data you have provided to us. You can also request that we delete any personal data we hold about you. This does not include any data that we are required to keep for administrative, legal, or security purposes.<\/span><\/p>\n\n<h2 id=\"tw-target-text\" class=\"tw-data-text tw-text-large tw-ta wp-block-heading\" dir=\"ltr\" data-placeholder=\"Translation\"><span class=\"Y2IQFc\" lang=\"es\">Where we send your data<\/span><\/h2>\n\n<p id=\"tw-target-text\" class=\"tw-data-text tw-text-large tw-ta\" dir=\"ltr\" data-placeholder=\"Translation\"><span class=\"Y2IQFc\" lang=\"es\">Visitor comments may be checked by an automated spam detection service.<\/span><\/p>\n\t\t\t\t\t\t\t\t<\/div>\n\t\t\t\t<\/div>\n\t\t\t\t\t<\/div>\n\t\t<\/div>\n\t\t\t\t\t<\/div>\n\t\t<\/section>\n\t\t\t\t<\/div>","protected":false},"excerpt":{"rendered":"<p>Pol\u00edtica De Privacidad Quienes Somos La direcci\u00f3n de nuestro sitio web es: https:\/\/iglesiapuertaabierta.com Comentarios Cuando los visitantes dejan comentarios en el sitio, recopilamos los datos que se muestran en el formulario de comentarios, y tambi\u00e9n la direcci\u00f3n IP del visitante y la cadena del agente de usuario del navegador para ayudar a la detecci\u00f3n de [&hellip;]<\/p>\n","protected":false},"author":1,"featured_media":0,"parent":0,"menu_order":0,"comment_status":"closed","ping_status":"closed","template":"","meta":{"footnotes":""},"class_list":["post-3","page","type-page","status-publish","hentry"],"_links":{"self":[{"href":"https:\/\/iglesiapuertaabierta.com\/en\/wp-json\/wp\/v2\/pages\/3","targetHints":{"allow":["GET"]}}],"collection":[{"href":"https:\/\/iglesiapuertaabierta.com\/en\/wp-json\/wp\/v2\/pages"}],"about":[{"href":"https:\/\/iglesiapuertaabierta.com\/en\/wp-json\/wp\/v2\/types\/page"}],"author":[{"embeddable":true,"href":"https:\/\/iglesiapuertaabierta.com\/en\/wp-json\/wp\/v2\/users\/1"}],"replies":[{"embeddable":true,"href":"https:\/\/iglesiapuertaabierta.com\/en\/wp-json\/wp\/v2\/comments?post=3"}],"version-history":[{"count":12,"href":"https:\/\/iglesiapuertaabierta.com\/en\/wp-json\/wp\/v2\/pages\/3\/revisions"}],"predecessor-version":[{"id":1442,"href":"https:\/\/iglesiapuertaabierta.com\/en\/wp-json\/wp\/v2\/pages\/3\/revisions\/1442"}],"wp:attachment":[{"href":"https:\/\/iglesiapuertaabierta.com\/en\/wp-json\/wp\/v2\/media?parent=3"}],"curies":[{"name":"wp","href":"https:\/\/api.w.org\/{rel}","templated":true}]}}