{"id":263,"date":"2021-10-11T20:02:22","date_gmt":"2021-10-11T20:02:22","guid":{"rendered":"https:\/\/iglesiapuertaabierta.com\/?page_id=263"},"modified":"2022-03-25T16:19:31","modified_gmt":"2022-03-25T16:19:31","slug":"historia","status":"publish","type":"page","link":"https:\/\/iglesiapuertaabierta.com\/en\/historia\/","title":{"rendered":"Our Story"},"content":{"rendered":"\t\t<div data-elementor-type=\"wp-page\" data-elementor-id=\"263\" class=\"elementor elementor-263\" data-elementor-post-type=\"page\">\n\t\t\t\t\t\t<section class=\"elementor-section elementor-top-section elementor-element elementor-element-28bbc2fb elementor-section-full_width elementor-section-content-bottom elementor-section-height-default elementor-section-height-default\" data-id=\"28bbc2fb\" data-element_type=\"section\" data-e-type=\"section\" data-settings=\"{&quot;jet_parallax_layout_list&quot;:[{&quot;jet_parallax_layout_image&quot;:{&quot;url&quot;:&quot;&quot;,&quot;id&quot;:&quot;&quot;,&quot;size&quot;:&quot;&quot;},&quot;_id&quot;:&quot;b7a91e7&quot;,&quot;jet_parallax_layout_image_tablet&quot;:{&quot;url&quot;:&quot;&quot;,&quot;id&quot;:&quot;&quot;,&quot;size&quot;:&quot;&quot;},&quot;jet_parallax_layout_image_mobile&quot;:{&quot;url&quot;:&quot;&quot;,&quot;id&quot;:&quot;&quot;,&quot;size&quot;:&quot;&quot;},&quot;jet_parallax_layout_speed&quot;:{&quot;unit&quot;:&quot;%&quot;,&quot;size&quot;:50,&quot;sizes&quot;:[]},&quot;jet_parallax_layout_type&quot;:&quot;scroll&quot;,&quot;jet_parallax_layout_direction&quot;:null,&quot;jet_parallax_layout_fx_direction&quot;:null,&quot;jet_parallax_layout_z_index&quot;:&quot;&quot;,&quot;jet_parallax_layout_bg_x&quot;:50,&quot;jet_parallax_layout_bg_x_tablet&quot;:&quot;&quot;,&quot;jet_parallax_layout_bg_x_mobile&quot;:&quot;&quot;,&quot;jet_parallax_layout_bg_y&quot;:50,&quot;jet_parallax_layout_bg_y_tablet&quot;:&quot;&quot;,&quot;jet_parallax_layout_bg_y_mobile&quot;:&quot;&quot;,&quot;jet_parallax_layout_bg_size&quot;:&quot;auto&quot;,&quot;jet_parallax_layout_bg_size_tablet&quot;:&quot;&quot;,&quot;jet_parallax_layout_bg_size_mobile&quot;:&quot;&quot;,&quot;jet_parallax_layout_animation_prop&quot;:&quot;transform&quot;,&quot;jet_parallax_layout_on&quot;:[&quot;desktop&quot;,&quot;tablet&quot;]}]}\">\n\t\t\t\t\t\t<div class=\"elementor-container elementor-column-gap-no\">\n\t\t\t\t\t<div class=\"elementor-column elementor-col-50 elementor-top-column elementor-element elementor-element-5ef19529\" data-id=\"5ef19529\" data-element_type=\"column\" data-e-type=\"column\" data-settings=\"{&quot;background_background&quot;:&quot;classic&quot;}\">\n\t\t\t<div class=\"elementor-widget-wrap elementor-element-populated\">\n\t\t\t\t\t\t<div class=\"elementor-element elementor-element-78b5afec elementor-widget elementor-widget-heading\" data-id=\"78b5afec\" data-element_type=\"widget\" data-e-type=\"widget\" data-widget_type=\"heading.default\">\n\t\t\t\t<div class=\"elementor-widget-container\">\n\t\t\t\t\t<h1 class=\"elementor-heading-title elementor-size-default\">G\u00e9nesis <\/h1>\t\t\t\t<\/div>\n\t\t\t\t<\/div>\n\t\t\t\t\t<\/div>\n\t\t<\/div>\n\t\t\t\t<div class=\"elementor-column elementor-col-50 elementor-top-column elementor-element elementor-element-2c29ac16\" data-id=\"2c29ac16\" data-element_type=\"column\" data-e-type=\"column\" data-settings=\"{&quot;background_background&quot;:&quot;classic&quot;}\">\n\t\t\t<div class=\"elementor-widget-wrap\">\n\t\t\t\t\t\t\t<\/div>\n\t\t<\/div>\n\t\t\t\t\t<\/div>\n\t\t<\/section>\n\t\t\t\t<section class=\"elementor-section elementor-top-section elementor-element elementor-element-2c58cf6f elementor-section-full_width elementor-reverse-tablet elementor-reverse-mobile elementor-section-height-default elementor-section-height-default\" data-id=\"2c58cf6f\" data-element_type=\"section\" data-e-type=\"section\" data-settings=\"{&quot;jet_parallax_layout_list&quot;:[{&quot;jet_parallax_layout_image&quot;:{&quot;url&quot;:&quot;&quot;,&quot;id&quot;:&quot;&quot;,&quot;size&quot;:&quot;&quot;},&quot;_id&quot;:&quot;c720b3e&quot;,&quot;jet_parallax_layout_image_tablet&quot;:{&quot;url&quot;:&quot;&quot;,&quot;id&quot;:&quot;&quot;,&quot;size&quot;:&quot;&quot;},&quot;jet_parallax_layout_image_mobile&quot;:{&quot;url&quot;:&quot;&quot;,&quot;id&quot;:&quot;&quot;,&quot;size&quot;:&quot;&quot;},&quot;jet_parallax_layout_speed&quot;:{&quot;unit&quot;:&quot;%&quot;,&quot;size&quot;:50,&quot;sizes&quot;:[]},&quot;jet_parallax_layout_type&quot;:&quot;scroll&quot;,&quot;jet_parallax_layout_direction&quot;:null,&quot;jet_parallax_layout_fx_direction&quot;:null,&quot;jet_parallax_layout_z_index&quot;:&quot;&quot;,&quot;jet_parallax_layout_bg_x&quot;:50,&quot;jet_parallax_layout_bg_x_tablet&quot;:&quot;&quot;,&quot;jet_parallax_layout_bg_x_mobile&quot;:&quot;&quot;,&quot;jet_parallax_layout_bg_y&quot;:50,&quot;jet_parallax_layout_bg_y_tablet&quot;:&quot;&quot;,&quot;jet_parallax_layout_bg_y_mobile&quot;:&quot;&quot;,&quot;jet_parallax_layout_bg_size&quot;:&quot;auto&quot;,&quot;jet_parallax_layout_bg_size_tablet&quot;:&quot;&quot;,&quot;jet_parallax_layout_bg_size_mobile&quot;:&quot;&quot;,&quot;jet_parallax_layout_animation_prop&quot;:&quot;transform&quot;,&quot;jet_parallax_layout_on&quot;:[&quot;desktop&quot;,&quot;tablet&quot;]}]}\">\n\t\t\t\t\t\t<div class=\"elementor-container elementor-column-gap-no\">\n\t\t\t\t\t<div class=\"elementor-column elementor-col-50 elementor-top-column elementor-element elementor-element-6c4a5d4c\" data-id=\"6c4a5d4c\" data-element_type=\"column\" data-e-type=\"column\">\n\t\t\t<div class=\"elementor-widget-wrap elementor-element-populated\">\n\t\t\t\t\t\t<div class=\"elementor-element elementor-element-2f20aa80 elementor-widget elementor-widget-text-editor\" data-id=\"2f20aa80\" data-element_type=\"widget\" data-e-type=\"widget\" data-widget_type=\"text-editor.default\">\n\t\t\t\t<div class=\"elementor-widget-container\">\n\t\t\t\t\t\t\t\t\t<p>Durante la Campa\u00f1a Internacional de octubre de 2015, en la Iglesia Hispana Fe Apost\u00f3lica del 900 de Prospect en el Bronx, NY, la pastora Luisa Monsac dirigida por el Esp\u00edritu Santo le entreg\u00f3 \u201cSemillas y Aceite\u201d al Pastor Andr\u00e9s Mercedes como representaci\u00f3n de crecimiento y expansi\u00f3n de la obra de Dios. Esto motiv\u00f3 al cuerpo ministerial a iniciar una obra en Maryland y otra en Queens NY. Durante dicha campa\u00f1a varias almas recibieron salvaci\u00f3n. Entre ellas estaba la hermana Glenia Eusebio, quien viajaba los domingos, desde Lebanon PA a la iglesia del Bronx, NY aproximadamente unas 165 millas. Este acto de perseverancia tambi\u00e9n exterioriz\u00f3 la profec\u00eda de expansi\u00f3n dada por la pastora Luisa Monsac.<\/p><p>\u00a0<\/p>\t\t\t\t\t\t\t\t<\/div>\n\t\t\t\t<\/div>\n\t\t\t\t<div class=\"elementor-element elementor-element-0f2afcf elementor-widget elementor-widget-text-editor\" data-id=\"0f2afcf\" data-element_type=\"widget\" data-e-type=\"widget\" data-widget_type=\"text-editor.default\">\n\t\t\t\t<div class=\"elementor-widget-container\">\n\t\t\t\t\t\t\t\t\t<p>El Pastor Andr\u00e9s Mercedes y los ministros vieron conveniente incluir a Lebanon, PA a esta visi\u00f3n de expansi\u00f3n. El Pastor Eliseo Charleston testifica que en la primera reuni\u00f3n realizada en el hogar de la hermana Glenia el d\u00eda 26 de diciembre de 2015, ese mismo d\u00eda el Esp\u00edritu Santo habl\u00f3 a su esp\u00edritu y en su coraz\u00f3n puso con firmeza estas palabras que hasta el d\u00eda de hoy resuenan en su ser. \u201c<strong><em>He aqu\u00ed he puesto delante de ti una puerta abierta la cual nadie puede cerrar\u201d<\/em><\/strong><strong>, Apocalipsis 2:7-8\u00a0<\/strong>. As\u00ed surge el nombre de \u201cPuerta Abierta\u201d. La idea del nombre se habl\u00f3 a los dem\u00e1s hermanos los cuales consintieron con el nombre \u201cPuerta Abierta\u201d con el objetivo de nunca olvidar la visi\u00f3n y revelaci\u00f3n del Esp\u00edritu Santo.<\/p><p>\u00a0<\/p>\t\t\t\t\t\t\t\t<\/div>\n\t\t\t\t<\/div>\n\t\t\t\t\t<\/div>\n\t\t<\/div>\n\t\t\t\t<div class=\"elementor-column elementor-col-50 elementor-top-column elementor-element elementor-element-0676db0\" data-id=\"0676db0\" data-element_type=\"column\" data-e-type=\"column\" data-settings=\"{&quot;background_background&quot;:&quot;classic&quot;}\">\n\t\t\t<div class=\"elementor-widget-wrap elementor-element-populated\">\n\t\t\t\t\t\t<div class=\"elementor-element elementor-element-468e9a6 elementor-widget elementor-widget-spacer\" data-id=\"468e9a6\" data-element_type=\"widget\" data-e-type=\"widget\" data-widget_type=\"spacer.default\">\n\t\t\t\t<div class=\"elementor-widget-container\">\n\t\t\t\t\t\t\t<div class=\"elementor-spacer\">\n\t\t\t<div class=\"elementor-spacer-inner\"><\/div>\n\t\t<\/div>\n\t\t\t\t\t\t<\/div>\n\t\t\t\t<\/div>\n\t\t\t\t\t<\/div>\n\t\t<\/div>\n\t\t\t\t\t<\/div>\n\t\t<\/section>\n\t\t\t\t<section class=\"elementor-section elementor-top-section elementor-element elementor-element-623ff02 elementor-section-boxed elementor-section-height-default elementor-section-height-default\" data-id=\"623ff02\" data-element_type=\"section\" data-e-type=\"section\" data-settings=\"{&quot;background_background&quot;:&quot;classic&quot;,&quot;shape_divider_bottom&quot;:&quot;clouds&quot;,&quot;jet_parallax_layout_list&quot;:[{&quot;jet_parallax_layout_image&quot;:{&quot;url&quot;:&quot;&quot;,&quot;id&quot;:&quot;&quot;,&quot;size&quot;:&quot;&quot;},&quot;_id&quot;:&quot;017383a&quot;,&quot;jet_parallax_layout_image_tablet&quot;:{&quot;url&quot;:&quot;&quot;,&quot;id&quot;:&quot;&quot;,&quot;size&quot;:&quot;&quot;},&quot;jet_parallax_layout_image_mobile&quot;:{&quot;url&quot;:&quot;&quot;,&quot;id&quot;:&quot;&quot;,&quot;size&quot;:&quot;&quot;},&quot;jet_parallax_layout_speed&quot;:{&quot;unit&quot;:&quot;%&quot;,&quot;size&quot;:50,&quot;sizes&quot;:[]},&quot;jet_parallax_layout_type&quot;:&quot;scroll&quot;,&quot;jet_parallax_layout_direction&quot;:null,&quot;jet_parallax_layout_fx_direction&quot;:null,&quot;jet_parallax_layout_z_index&quot;:&quot;&quot;,&quot;jet_parallax_layout_bg_x&quot;:50,&quot;jet_parallax_layout_bg_x_tablet&quot;:&quot;&quot;,&quot;jet_parallax_layout_bg_x_mobile&quot;:&quot;&quot;,&quot;jet_parallax_layout_bg_y&quot;:50,&quot;jet_parallax_layout_bg_y_tablet&quot;:&quot;&quot;,&quot;jet_parallax_layout_bg_y_mobile&quot;:&quot;&quot;,&quot;jet_parallax_layout_bg_size&quot;:&quot;auto&quot;,&quot;jet_parallax_layout_bg_size_tablet&quot;:&quot;&quot;,&quot;jet_parallax_layout_bg_size_mobile&quot;:&quot;&quot;,&quot;jet_parallax_layout_animation_prop&quot;:&quot;transform&quot;,&quot;jet_parallax_layout_on&quot;:[&quot;desktop&quot;,&quot;tablet&quot;]}]}\">\n\t\t\t\t\t\t\t<div class=\"elementor-background-overlay\"><\/div>\n\t\t\t\t\t\t<div class=\"elementor-shape elementor-shape-bottom\" aria-hidden=\"true\" data-negative=\"false\">\n\t\t\t<svg xmlns=\"http:\/\/www.w3.org\/2000\/svg\" viewBox=\"0 0 283.5 27.8\" preserveAspectRatio=\"xMidYMax slice\">\n  <path class=\"elementor-shape-fill\" d=\"M0 0v6.7c1.9-.8 4.7-1.4 8.5-1 9.5 1.1 11.1 6 11.1 6s2.1-.7 4.3-.2c2.1.5 2.8 2.6 2.8 2.6s.2-.5 1.4-.7c1.2-.2 1.7.2 1.7.2s0-2.1 1.9-2.8c1.9-.7 3.6.7 3.6.7s.7-2.9 3.1-4.1 4.7 0 4.7 0 1.2-.5 2.4 0 1.7 1.4 1.7 1.4h1.4c.7 0 1.2.7 1.2.7s.8-1.8 4-2.2c3.5-.4 5.3 2.4 6.2 4.4.4-.4 1-.7 1.8-.9 2.8-.7 4 .7 4 .7s1.7-5 11.1-6c9.5-1.1 12.3 3.9 12.3 3.9s1.2-4.8 5.7-5.7c4.5-.9 6.8 1.8 6.8 1.8s.6-.6 1.5-.9c.9-.2 1.9-.2 1.9-.2s5.2-6.4 12.6-3.3c7.3 3.1 4.7 9 4.7 9s1.9-.9 4 0 2.8 2.4 2.8 2.4 1.9-1.2 4.5-1.2 4.3 1.2 4.3 1.2.2-1 1.4-1.7 2.1-.7 2.1-.7-.5-3.1 2.1-5.5 5.7-1.4 5.7-1.4 1.5-2.3 4.2-1.1c2.7 1.2 1.7 5.2 1.7 5.2s.3-.1 1.3.5c.5.4.8.8.9 1.1.5-1.4 2.4-5.8 8.4-4 7.1 2.1 3.5 8.9 3.5 8.9s.8-.4 2 0 1.1 1.1 1.1 1.1 1.1-1.1 2.3-1.1 2.1.5 2.1.5 1.9-3.6 6.2-1.2 1.9 6.4 1.9 6.4 2.6-2.4 7.4 0c3.4 1.7 3.9 4.9 3.9 4.9s3.3-6.9 10.4-7.9 11.5 2.6 11.5 2.6.8 0 1.2.2c.4.2.9.9.9.9s4.4-3.1 8.3.2c1.9 1.7 1.5 5 1.5 5s.3-1.1 1.6-1.4c1.3-.3 2.3.2 2.3.2s-.1-1.2.5-1.9 1.9-.9 1.9-.9-4.7-9.3 4.4-13.4c5.6-2.5 9.2.9 9.2.9s5-6.2 15.9-6.2 16.1 8.1 16.1 8.1.7-.2 1.6-.4V0H0z\"\/>\n<\/svg>\n\t\t<\/div>\n\t\t\t\t\t<div class=\"elementor-container elementor-column-gap-default\">\n\t\t\t\t\t<div class=\"elementor-column elementor-col-100 elementor-top-column elementor-element elementor-element-6ca8f55\" data-id=\"6ca8f55\" data-element_type=\"column\" data-e-type=\"column\">\n\t\t\t<div class=\"elementor-widget-wrap elementor-element-populated\">\n\t\t\t\t\t\t<div class=\"elementor-element elementor-element-30d3fc7 elementor-widget elementor-widget-text-editor\" data-id=\"30d3fc7\" data-element_type=\"widget\" data-e-type=\"widget\" data-widget_type=\"text-editor.default\">\n\t\t\t\t<div class=\"elementor-widget-container\">\n\t\t\t\t\t\t\t\t\t<p>\u00a0El Pastor Eliseo Charleston, quien preside la obra de Lebanon, PA por la gracia y misericordia de Dios, se\u00f1ala que Dios comenz\u00f3 a tratar con \u00e9l unos meses antes de abrir la obra.\u00a0 Cree que el plan de Dios estaba en marcha simult\u00e1neamente, ya que antes de la campa\u00f1a, Dios le hab\u00eda indicado dejar su empleo actual, debido a que le consum\u00eda mucho tiempo. Trabajaba 12 horas diarias y como ministro, no dispon\u00eda de suficiente tiempo para trabajar en la obra.<\/p><p>Tras un reto que le hizo el Esp\u00edritu Santo pregunt\u00e1ndole, \u201c\u00bfTe atreves a lanzarte al vac\u00edo y confiar plenamente en Mi?<em>\u201d<\/em>. El pastor Charleston respondi\u00f3 con un \u201cSI\u201d al llamado. Era el \u00fanico proveedor de su familia conformada por tres ni\u00f1os y su esposa desempleada, cuando renunci\u00f3 a su empleo de 9 a\u00f1os, a un buen salario y seguro m\u00e9dico para toda la familia. Se lanz\u00f3 en fe y tom\u00f3 un nuevo empleo de 40 horas a la semana y un salario inferior. Pronto empez\u00f3 a dedicarse al trabajo en el liderazgo de la escuela dominical. \u201cPens\u00e9 que esta era la raz\u00f3n por la cual el Se\u00f1or me hab\u00eda pedido cambiar de empleo, ya que ese ministerio de estudio de la palabra prosperaba\u201d. Pero, un d\u00eda en la reuni\u00f3n de la junta oficial de la iglesia, de la cual a\u00fan era miembro, el Pastor Andr\u00e9s Mercedes present\u00f3 el proyecto triple, una obra que iniciar\u00eda en Maryland, una en Queens y otra en Lebanon PA. El ministro Aldo George junto a la ministra Ana Morrison fueron asignados como encargados de la obra en Queens. El ministro Elvido Ortiz junto al copastor M\u00e1ximo Mercedes fueron asignados para ayudar en Maryland\u201d. Y al ministro Eliseo Charleston el cual viv\u00eda en Rahway NJ, le asignaron ayudar en la obra de Lebanon, Pennsylvania porque resid\u00eda cerca de PA. \u00a0<\/p><p>Con certeza en su coraz\u00f3n despu\u00e9s de la primera reuni\u00f3n, y que el Esp\u00edritu Santo habl\u00f3 a su vida, inmediatamente comprendi\u00f3 la verdadera raz\u00f3n por la cual Dios le pidi\u00f3 renunciar a su empleo. Dios quer\u00eda abrir esta obra en Lebanon y lo hab\u00eda elegido a \u00e9l para estar al frente de ella. La semana siguiente, el d\u00eda 2 de enero de 2016, se realiz\u00f3 el primer servicio oficial en la sala del hogar de la hermana Glenia. Asistieron 12 personas aproximadamente: cuatro de ellas residentes de Lebanon, el Pastor Andr\u00e9s Mercedes quien trajo el mensaje de la palabra, la familia Charleston (hoy d\u00eda la Familia Pastoral), Cristian Tapia, Scherley Rodriguez, Randy Rosario, y Miledis y Miguel Castillo. El Esp\u00edritu Santo no se hizo esperar y confirm\u00f3 lo que le hab\u00eda hablado al Pastor Eliseo en secreto a trav\u00e9s de los labios del Pastor Andr\u00e9s Mercedes, confirmando las mismas palabras del texto b\u00edblico. <em>\u201cHe aqu\u00ed he puesto delante de ti una puerta abierta la cual nadie puede cerrar\u201d.<\/em> Adem\u00e1s, el Espiritu Santo se\u00f1al\u00f3, que el ministro Charleston no deb\u00eda ser un encargado que viajara los fines de semanas solamente, le indic\u00f3: \u201cel Pastor debe estar donde est\u00e1n las ovejas\u201d, El Pastor Eliseo expresa que esta idea a la verdad no fue recibida con mucho gozo por parte de el y su familia, ya que ellos ve\u00edan a Lebanon como un campo atrasado, hasta las luces de noche eran opacas. Sin embargo, \u201c8 meses despu\u00e9s est\u00e1bamos en un cami\u00f3n con nuestras pertenencias rumbo a Lebanon PA, dejando as\u00ed la ciudad de las muchas luces. Amamos a Lebanon y a todos nuestros hermanos y amigos. Casi ni visitamos la ciudad\u201d. Expres\u00f3 el Pastor Charleston.<\/p>\t\t\t\t\t\t\t\t<\/div>\n\t\t\t\t<\/div>\n\t\t\t\t\t<\/div>\n\t\t<\/div>\n\t\t\t\t\t<\/div>\n\t\t<\/section>\n\t\t\t\t<section class=\"elementor-section elementor-top-section elementor-element elementor-element-7ac7376 elementor-section-boxed elementor-section-height-default elementor-section-height-default\" data-id=\"7ac7376\" data-element_type=\"section\" data-e-type=\"section\" data-settings=\"{&quot;jet_parallax_layout_list&quot;:[{&quot;jet_parallax_layout_image&quot;:{&quot;url&quot;:&quot;&quot;,&quot;id&quot;:&quot;&quot;,&quot;size&quot;:&quot;&quot;},&quot;_id&quot;:&quot;5900ba9&quot;,&quot;jet_parallax_layout_image_tablet&quot;:{&quot;url&quot;:&quot;&quot;,&quot;id&quot;:&quot;&quot;,&quot;size&quot;:&quot;&quot;},&quot;jet_parallax_layout_image_mobile&quot;:{&quot;url&quot;:&quot;&quot;,&quot;id&quot;:&quot;&quot;,&quot;size&quot;:&quot;&quot;},&quot;jet_parallax_layout_speed&quot;:{&quot;unit&quot;:&quot;%&quot;,&quot;size&quot;:50,&quot;sizes&quot;:[]},&quot;jet_parallax_layout_type&quot;:&quot;scroll&quot;,&quot;jet_parallax_layout_direction&quot;:null,&quot;jet_parallax_layout_fx_direction&quot;:null,&quot;jet_parallax_layout_z_index&quot;:&quot;&quot;,&quot;jet_parallax_layout_bg_x&quot;:50,&quot;jet_parallax_layout_bg_x_tablet&quot;:&quot;&quot;,&quot;jet_parallax_layout_bg_x_mobile&quot;:&quot;&quot;,&quot;jet_parallax_layout_bg_y&quot;:50,&quot;jet_parallax_layout_bg_y_tablet&quot;:&quot;&quot;,&quot;jet_parallax_layout_bg_y_mobile&quot;:&quot;&quot;,&quot;jet_parallax_layout_bg_size&quot;:&quot;auto&quot;,&quot;jet_parallax_layout_bg_size_tablet&quot;:&quot;&quot;,&quot;jet_parallax_layout_bg_size_mobile&quot;:&quot;&quot;,&quot;jet_parallax_layout_animation_prop&quot;:&quot;transform&quot;,&quot;jet_parallax_layout_on&quot;:[&quot;desktop&quot;,&quot;tablet&quot;]}]}\">\n\t\t\t\t\t\t<div class=\"elementor-container elementor-column-gap-default\">\n\t\t\t\t\t<div class=\"elementor-column elementor-col-100 elementor-top-column elementor-element elementor-element-08c0a12\" data-id=\"08c0a12\" data-element_type=\"column\" data-e-type=\"column\">\n\t\t\t<div class=\"elementor-widget-wrap elementor-element-populated\">\n\t\t\t\t\t\t<div class=\"elementor-element elementor-element-25f24ab elementor-widget elementor-widget-text-editor\" data-id=\"25f24ab\" data-element_type=\"widget\" data-e-type=\"widget\" data-widget_type=\"text-editor.default\">\n\t\t\t\t<div class=\"elementor-widget-container\">\n\t\t\t\t\t\t\t\t\t<p>La trayectoria no siempre ha sido f\u00e1cil, pero todo le es posible al que cree, y esta iglesia ha decidido creer. No pretendemos haberlo alcanzado todo, seguimos extendi\u00e9ndonos hacia adelante. Una de las metas de esta iglesia es poder comprar nuestro propio templo, y sabemos que Dios quien ha estado activamente trabajando a nuestro favor nos ayudar\u00e1\u201d. Al principio fue bastante dif\u00edcil, declara el Pastor Charleston, ya que carec\u00edan de las experiencias administrativas eclesi\u00e1sticas. Recuerda, que El 16 de enero de 2016 rentaron un local en el 720 Jonestown Rd., y pusieron un letrero anunciando a la comunidad la apertura de la iglesia, que para ese entonces se llamaba Iglesia Fe Apost\u00f3lica, Inc. \u201cRecib\u00ed una llamada de la gobernadora de la ciudad de Lebanon PA, donde me dijo literalmente que no ten\u00eda ning\u00fan derecho ni autoridad de poner una iglesia en la ciudad, ya que exist\u00edan procedimientos y leyes que hab\u00edamos obviado. Recuerdo que le pagamos a un abogado para lograr ser aceptados por la ciudad legalmente. Dos a\u00f1os despu\u00e9s nos dimos cuenta de que no est\u00e1bamos registrados legalmente como iglesia en el estado de Pensilvania, por lo que procedimos a incorporar la iglesia al estado, esto nos inst\u00f3 a estudiar todo lo referente a la incorporaci\u00f3n y administraci\u00f3n eclesi\u00e1stica. Gracias a Dios hoy estamos legalmente situados en el estado y siguiendo los procesos correspondientes con el IRS\u201d. Se\u00f1ala el pastor Eliseo.<\/p>\t\t\t\t\t\t\t\t<\/div>\n\t\t\t\t<\/div>\n\t\t\t\t\t<\/div>\n\t\t<\/div>\n\t\t\t\t\t<\/div>\n\t\t<\/section>\n\t\t\t\t<section class=\"elementor-section elementor-top-section elementor-element elementor-element-d40f5d5 elementor-reverse-tablet elementor-reverse-mobile elementor-section-boxed elementor-section-height-default elementor-section-height-default\" data-id=\"d40f5d5\" data-element_type=\"section\" data-e-type=\"section\" data-settings=\"{&quot;jet_parallax_layout_list&quot;:[{&quot;jet_parallax_layout_image&quot;:{&quot;url&quot;:&quot;&quot;,&quot;id&quot;:&quot;&quot;,&quot;size&quot;:&quot;&quot;},&quot;_id&quot;:&quot;24836cf&quot;,&quot;jet_parallax_layout_image_tablet&quot;:{&quot;url&quot;:&quot;&quot;,&quot;id&quot;:&quot;&quot;,&quot;size&quot;:&quot;&quot;},&quot;jet_parallax_layout_image_mobile&quot;:{&quot;url&quot;:&quot;&quot;,&quot;id&quot;:&quot;&quot;,&quot;size&quot;:&quot;&quot;},&quot;jet_parallax_layout_speed&quot;:{&quot;unit&quot;:&quot;%&quot;,&quot;size&quot;:50,&quot;sizes&quot;:[]},&quot;jet_parallax_layout_type&quot;:&quot;scroll&quot;,&quot;jet_parallax_layout_direction&quot;:null,&quot;jet_parallax_layout_fx_direction&quot;:null,&quot;jet_parallax_layout_z_index&quot;:&quot;&quot;,&quot;jet_parallax_layout_bg_x&quot;:50,&quot;jet_parallax_layout_bg_x_tablet&quot;:&quot;&quot;,&quot;jet_parallax_layout_bg_x_mobile&quot;:&quot;&quot;,&quot;jet_parallax_layout_bg_y&quot;:50,&quot;jet_parallax_layout_bg_y_tablet&quot;:&quot;&quot;,&quot;jet_parallax_layout_bg_y_mobile&quot;:&quot;&quot;,&quot;jet_parallax_layout_bg_size&quot;:&quot;auto&quot;,&quot;jet_parallax_layout_bg_size_tablet&quot;:&quot;&quot;,&quot;jet_parallax_layout_bg_size_mobile&quot;:&quot;&quot;,&quot;jet_parallax_layout_animation_prop&quot;:&quot;transform&quot;,&quot;jet_parallax_layout_on&quot;:[&quot;desktop&quot;,&quot;tablet&quot;]}]}\">\n\t\t\t\t\t\t<div class=\"elementor-container elementor-column-gap-default\">\n\t\t\t\t\t<div class=\"elementor-column elementor-col-50 elementor-top-column elementor-element elementor-element-3450777\" data-id=\"3450777\" data-element_type=\"column\" data-e-type=\"column\">\n\t\t\t<div class=\"elementor-widget-wrap elementor-element-populated\">\n\t\t\t\t\t\t<div class=\"elementor-element elementor-element-9493113 elementor-widget elementor-widget-text-editor\" data-id=\"9493113\" data-element_type=\"widget\" data-e-type=\"widget\" data-widget_type=\"text-editor.default\">\n\t\t\t\t<div class=\"elementor-widget-container\">\n\t\t\t\t\t\t\t\t\t<p>Esto no detuvo la obra de Dios, inmediatamente Dios empez\u00f3 a restaurar y salvar las almas. Las hermanas Castillo se reconciliaron con el Se\u00f1or junto a el hermano Irvin Xavier en nuestro segundo servicio, y unos meses despu\u00e9s tuvimos nuestro primer bautismo en agua. All\u00ed fueron bautizadas las hermanas Miguelina y Mersy Castillo, acto efectuado en la iglesia Fe Apost\u00f3lica del Bronx NY, el d\u00eda 26 de marzo de 2016. Un a\u00f1o despu\u00e9s Dios bendijo a la iglesia con nacimientos de ni\u00f1os, permiti\u00e9ndole hacer sus primeras presentaciones de ni\u00f1os: Amelia Aquino el 28 de mayo de 2017 y Samuel Eusebio el 25 de junio de 2017.<\/p><p>Desde entonces la iglesia ahora llamada \u201cIglesia Puerta Abierta\u201d, sigue en marcha siempre trabajando en la obra de Dios: realizando campa\u00f1as de oraci\u00f3n y evangelizaci\u00f3n, estudios de la palabra y ofreciendo oportunidad a los santos con llamados a distintos ministerios para que se desarrollen. Creemos y apoyamos el desarrollo de los ministerios en nuestra iglesia, lo cual trae crecimiento y bendici\u00f3n. Somos una iglesia llena de amor fraternal que reconoce que el crecimiento es progresivo por que la obra de Dios nunca se detiene.\u00a0<\/p><p>\u00a0<\/p>\t\t\t\t\t\t\t\t<\/div>\n\t\t\t\t<\/div>\n\t\t\t\t<div class=\"elementor-element elementor-element-27e862b elementor-widget elementor-widget-heading\" data-id=\"27e862b\" data-element_type=\"widget\" data-e-type=\"widget\" data-widget_type=\"heading.default\">\n\t\t\t\t<div class=\"elementor-widget-container\">\n\t\t\t\t\t<h2 class=\"elementor-heading-title elementor-size-default\">Bendiciones.<\/h2>\t\t\t\t<\/div>\n\t\t\t\t<\/div>\n\t\t\t\t\t<\/div>\n\t\t<\/div>\n\t\t\t\t<div class=\"elementor-column elementor-col-50 elementor-top-column elementor-element elementor-element-3f178fb\" data-id=\"3f178fb\" data-element_type=\"column\" data-e-type=\"column\" data-settings=\"{&quot;background_background&quot;:&quot;classic&quot;}\">\n\t\t\t<div class=\"elementor-widget-wrap elementor-element-populated\">\n\t\t\t\t\t\t<div class=\"elementor-element elementor-element-7508581 elementor-hidden-desktop elementor-widget elementor-widget-image\" data-id=\"7508581\" data-element_type=\"widget\" data-e-type=\"widget\" data-widget_type=\"image.default\">\n\t\t\t\t<div class=\"elementor-widget-container\">\n\t\t\t\t\t\t\t\t\t\t\t\t\t\t\t<img fetchpriority=\"high\" decoding=\"async\" width=\"800\" height=\"683\" src=\"https:\/\/iglesiapuertaabierta.com\/wp-content\/uploads\/2021\/12\/our-history3.jpg\" class=\"attachment-large size-large wp-image-887\" alt=\"\" srcset=\"https:\/\/iglesiapuertaabierta.com\/wp-content\/uploads\/2021\/12\/our-history3.jpg 934w, https:\/\/iglesiapuertaabierta.com\/wp-content\/uploads\/2021\/12\/our-history3-300x256.jpg 300w, https:\/\/iglesiapuertaabierta.com\/wp-content\/uploads\/2021\/12\/our-history3-768x655.jpg 768w, https:\/\/iglesiapuertaabierta.com\/wp-content\/uploads\/2021\/12\/our-history3-14x12.jpg 14w\" sizes=\"(max-width: 800px) 100vw, 800px\" \/>\t\t\t\t\t\t\t\t\t\t\t\t\t\t\t<\/div>\n\t\t\t\t<\/div>\n\t\t\t\t\t<\/div>\n\t\t<\/div>\n\t\t\t\t\t<\/div>\n\t\t<\/section>\n\t\t\t\t<\/div>\n\t\t","protected":false},"excerpt":{"rendered":"<p>G\u00e9nesis Durante la Campa\u00f1a Internacional de octubre de 2015, en la Iglesia Hispana Fe Apost\u00f3lica del 900 de Prospect en el Bronx, NY, la pastora Luisa Monsac dirigida por el Esp\u00edritu Santo le entreg\u00f3 \u201cSemillas y Aceite\u201d al Pastor Andr\u00e9s Mercedes como representaci\u00f3n de crecimiento y expansi\u00f3n de la obra de Dios. Esto motiv\u00f3 al [&hellip;]<\/p>\n","protected":false},"author":2,"featured_media":0,"parent":0,"menu_order":0,"comment_status":"closed","ping_status":"closed","template":"","meta":{"footnotes":""},"class_list":["post-263","page","type-page","status-publish","hentry"],"_links":{"self":[{"href":"https:\/\/iglesiapuertaabierta.com\/en\/wp-json\/wp\/v2\/pages\/263","targetHints":{"allow":["GET"]}}],"collection":[{"href":"https:\/\/iglesiapuertaabierta.com\/en\/wp-json\/wp\/v2\/pages"}],"about":[{"href":"https:\/\/iglesiapuertaabierta.com\/en\/wp-json\/wp\/v2\/types\/page"}],"author":[{"embeddable":true,"href":"https:\/\/iglesiapuertaabierta.com\/en\/wp-json\/wp\/v2\/users\/2"}],"replies":[{"embeddable":true,"href":"https:\/\/iglesiapuertaabierta.com\/en\/wp-json\/wp\/v2\/comments?post=263"}],"version-history":[{"count":170,"href":"https:\/\/iglesiapuertaabierta.com\/en\/wp-json\/wp\/v2\/pages\/263\/revisions"}],"predecessor-version":[{"id":1409,"href":"https:\/\/iglesiapuertaabierta.com\/en\/wp-json\/wp\/v2\/pages\/263\/revisions\/1409"}],"wp:attachment":[{"href":"https:\/\/iglesiapuertaabierta.com\/en\/wp-json\/wp\/v2\/media?parent=263"}],"curies":[{"name":"wp","href":"https:\/\/api.w.org\/{rel}","templated":true}]}}